
{"id":3936,"date":"2022-10-27T07:53:52","date_gmt":"2022-10-27T07:53:52","guid":{"rendered":"https:\/\/staticcms.sciendo.com\/about-sciendo\/"},"modified":"2024-08-14T11:16:40","modified_gmt":"2024-08-14T11:16:40","slug":"about-sciendo","status":"publish","type":"page","link":"https:\/\/reference-global.com\/cms\/about-sciendo\/?lang=es","title":{"rendered":"About Sciendo &#8211; Homepage Section"},"content":{"rendered":"\n<p><strong>Sciendo <\/strong>forma parte del<strong> Grupo De Gruyter<\/strong> <strong>Brill<\/strong>, una empresa con m\u00e1s de 270 a\u00f1os de experiencia editorial.<\/p>\n\n\n\n<p>Publicamos vol\u00famenes de revistas nuevas y de archivo, as\u00ed como libros ya publicados. Los lectores llegan al contenido a trav\u00e9s de la b\u00fasqueda directa en su navegador, as\u00ed como a trav\u00e9s de nuestros canales de distribuci\u00f3n global, incluyendo bibliotecas de todo el mundo, res\u00famenes, bases de datos y servicios de localizaci\u00f3n.<\/p>\n\n\n\n<p>Nuestra plataforma de publicaci\u00f3n recibe m\u00e1s de 9 millones de visitas anuales y es una de las m\u00e1s avanzadas del mercado, estando disponible en varias versiones ling\u00fc\u00edsticas.<\/p>\n","protected":false},"excerpt":{"rendered":"<p>Sciendo forma parte del Grupo De Gruyter Brill, una empresa con m\u00e1s de 270 a\u00f1os de experiencia editorial. Publicamos vol\u00famenes de revistas nuevas y de archivo, as\u00ed como libros ya publicados. Los lectores llegan al contenido a trav\u00e9s de la b\u00fasqueda directa en su navegador, as\u00ed como a trav\u00e9s de nuestros canales de distribuci\u00f3n global, [&hellip;]<\/p>\n","protected":false},"author":6,"featured_media":0,"parent":0,"menu_order":0,"comment_status":"closed","ping_status":"closed","template":"","meta":{"_acf_changed":false,"footnotes":""},"class_list":["post-3936","page","type-page","status-publish","hentry"],"acf":[],"_links":{"self":[{"href":"https:\/\/reference-global.com\/cms\/wp-json\/wp\/v2\/pages\/3936","targetHints":{"allow":["GET"]}}],"collection":[{"href":"https:\/\/reference-global.com\/cms\/wp-json\/wp\/v2\/pages"}],"about":[{"href":"https:\/\/reference-global.com\/cms\/wp-json\/wp\/v2\/types\/page"}],"author":[{"embeddable":true,"href":"https:\/\/reference-global.com\/cms\/wp-json\/wp\/v2\/users\/6"}],"replies":[{"embeddable":true,"href":"https:\/\/reference-global.com\/cms\/wp-json\/wp\/v2\/comments?post=3936"}],"version-history":[{"count":3,"href":"https:\/\/reference-global.com\/cms\/wp-json\/wp\/v2\/pages\/3936\/revisions"}],"predecessor-version":[{"id":10789,"href":"https:\/\/reference-global.com\/cms\/wp-json\/wp\/v2\/pages\/3936\/revisions\/10789"}],"wp:attachment":[{"href":"https:\/\/reference-global.com\/cms\/wp-json\/wp\/v2\/media?parent=3936"}],"curies":[{"name":"wp","href":"https:\/\/api.w.org\/{rel}","templated":true}]}}