
{"id":3934,"date":"2022-10-27T07:53:52","date_gmt":"2022-10-27T07:53:52","guid":{"rendered":"https:\/\/staticcms.sciendo.com\/about-sciendo\/"},"modified":"2024-08-14T11:15:54","modified_gmt":"2024-08-14T11:15:54","slug":"about-sciendo","status":"publish","type":"page","link":"https:\/\/reference-global.com\/cms\/about-sciendo\/?lang=pl","title":{"rendered":"About Sciendo &#8211; Homepage Section"},"content":{"rendered":"\n<p><strong>Sciendo <\/strong>jest cz\u0119\u015bci\u0105 grupy <strong>De Gruyter<\/strong> <strong>Brill<\/strong>, wydawcy akademickiego z ponad 270-letni\u0105 histori\u0105.<\/p>\n\n\n\n<p>Publikujemy zar\u00f3wno nowe, jak i archiwalne wydania czasopism oraz ksi\u0105\u017cek. Czytelnicy docieraj\u0105 do nas zar\u00f3wno poprzez bezpo\u015brednie wyszukiwanie w sieci, jak i poprzez globalne kana\u0142y dystrybucyjne, w tym biblioteki na ca\u0142ym \u015bwiecie, bazy indeksowe i abstraktowe oraz serwisy typu discovery.<\/p>\n\n\n\n<p>Nasza platforma wydawnicza odnotowuje ponad 9 milion\u00f3w odwiedzin rocznie i jest jedn\u0105 z najbardziej zaawansowanych na rynku, dost\u0119pn\u0105 w kilku wersjach j\u0119zykowych.<\/p>\n","protected":false},"excerpt":{"rendered":"<p>Sciendo jest cz\u0119\u015bci\u0105 grupy De Gruyter Brill, wydawcy akademickiego z ponad 270-letni\u0105 histori\u0105. Publikujemy zar\u00f3wno nowe, jak i archiwalne wydania czasopism oraz ksi\u0105\u017cek. Czytelnicy docieraj\u0105 do nas zar\u00f3wno poprzez bezpo\u015brednie wyszukiwanie w sieci, jak i poprzez globalne kana\u0142y dystrybucyjne, w tym biblioteki na ca\u0142ym \u015bwiecie, bazy indeksowe i abstraktowe oraz serwisy typu discovery. Nasza platforma [&hellip;]<\/p>\n","protected":false},"author":6,"featured_media":0,"parent":0,"menu_order":0,"comment_status":"closed","ping_status":"closed","template":"","meta":{"_acf_changed":false,"footnotes":""},"class_list":["post-3934","page","type-page","status-publish","hentry"],"acf":[],"_links":{"self":[{"href":"https:\/\/reference-global.com\/cms\/wp-json\/wp\/v2\/pages\/3934","targetHints":{"allow":["GET"]}}],"collection":[{"href":"https:\/\/reference-global.com\/cms\/wp-json\/wp\/v2\/pages"}],"about":[{"href":"https:\/\/reference-global.com\/cms\/wp-json\/wp\/v2\/types\/page"}],"author":[{"embeddable":true,"href":"https:\/\/reference-global.com\/cms\/wp-json\/wp\/v2\/users\/6"}],"replies":[{"embeddable":true,"href":"https:\/\/reference-global.com\/cms\/wp-json\/wp\/v2\/comments?post=3934"}],"version-history":[{"count":4,"href":"https:\/\/reference-global.com\/cms\/wp-json\/wp\/v2\/pages\/3934\/revisions"}],"predecessor-version":[{"id":10788,"href":"https:\/\/reference-global.com\/cms\/wp-json\/wp\/v2\/pages\/3934\/revisions\/10788"}],"wp:attachment":[{"href":"https:\/\/reference-global.com\/cms\/wp-json\/wp\/v2\/media?parent=3934"}],"curies":[{"name":"wp","href":"https:\/\/api.w.org\/{rel}","templated":true}]}}