
{"id":3930,"date":"2022-10-27T07:53:52","date_gmt":"2022-10-27T07:53:52","guid":{"rendered":"https:\/\/staticcms.sciendo.com\/about-sciendo\/"},"modified":"2024-08-14T11:15:22","modified_gmt":"2024-08-14T11:15:22","slug":"about-sciendo","status":"publish","type":"page","link":"https:\/\/reference-global.com\/cms\/about-sciendo\/?lang=fr","title":{"rendered":"About Sciendo &#8211; Homepage Section"},"content":{"rendered":"\n<p><br><strong>Sciendo <\/strong>fait partie du groupe <strong>De Gruyter Brill Group<\/strong>, une entreprise qui compte plus de 270 ans d&#8217;exp\u00e9rience dans l&#8217;\u00e9dition.<\/p>\n\n\n\n<p>Nous publions de nouveaux volumes de revues et d&#8217;archives ainsi que des livres d\u00e9j\u00e0 publi\u00e9s. Les lecteurs acc\u00e8dent au contenu par le biais de la recherche directe dans leur navigateur ainsi que par nos canaux de distribution mondiaux, y compris les biblioth\u00e8ques du monde entier, abstraction et bases de donn\u00e9es et services de d\u00e9couverte. <\/p>\n\n\n\n<p>Notre plate-forme d&#8217;\u00e9dition re\u00e7oit plus de 9 millions de visites par an et est l&#8217;une des plus avanc\u00e9es du march\u00e9, \u00e9tant disponible en plusieurs versions linguistiques.<\/p>\n","protected":false},"excerpt":{"rendered":"<p>Sciendo fait partie du groupe De Gruyter Brill Group, une entreprise qui compte plus de 270 ans d&#8217;exp\u00e9rience dans l&#8217;\u00e9dition. Nous publions de nouveaux volumes de revues et d&#8217;archives ainsi que des livres d\u00e9j\u00e0 publi\u00e9s. Les lecteurs acc\u00e8dent au contenu par le biais de la recherche directe dans leur navigateur ainsi que par nos canaux [&hellip;]<\/p>\n","protected":false},"author":6,"featured_media":0,"parent":0,"menu_order":0,"comment_status":"closed","ping_status":"closed","template":"","meta":{"_acf_changed":false,"footnotes":""},"class_list":["post-3930","page","type-page","status-publish","hentry"],"acf":[],"_links":{"self":[{"href":"https:\/\/reference-global.com\/cms\/wp-json\/wp\/v2\/pages\/3930","targetHints":{"allow":["GET"]}}],"collection":[{"href":"https:\/\/reference-global.com\/cms\/wp-json\/wp\/v2\/pages"}],"about":[{"href":"https:\/\/reference-global.com\/cms\/wp-json\/wp\/v2\/types\/page"}],"author":[{"embeddable":true,"href":"https:\/\/reference-global.com\/cms\/wp-json\/wp\/v2\/users\/6"}],"replies":[{"embeddable":true,"href":"https:\/\/reference-global.com\/cms\/wp-json\/wp\/v2\/comments?post=3930"}],"version-history":[{"count":4,"href":"https:\/\/reference-global.com\/cms\/wp-json\/wp\/v2\/pages\/3930\/revisions"}],"predecessor-version":[{"id":10786,"href":"https:\/\/reference-global.com\/cms\/wp-json\/wp\/v2\/pages\/3930\/revisions\/10786"}],"wp:attachment":[{"href":"https:\/\/reference-global.com\/cms\/wp-json\/wp\/v2\/media?parent=3930"}],"curies":[{"name":"wp","href":"https:\/\/api.w.org\/{rel}","templated":true}]}}