
{"id":3597,"date":"2022-10-27T07:53:52","date_gmt":"2022-10-27T07:53:52","guid":{"rendered":"https:\/\/staticcms.sciendo.com\/about-sciendo\/"},"modified":"2024-08-14T11:14:52","modified_gmt":"2024-08-14T11:14:52","slug":"about-sciendo","status":"publish","type":"page","link":"https:\/\/reference-global.com\/cms\/about-sciendo\/?lang=de","title":{"rendered":"About Sciendo &#8211; Homepage Section"},"content":{"rendered":"\n<p><br><strong>Sciendo <\/strong>ist ein Teil der <strong>De Gruyter Brill Group<\/strong>, eines Unternehmens mit \u00fcber 270 Jahren Erfahrung in der Ver\u00f6ffentlichung.<\/p>\n\n\n\n<p>Wir ver\u00f6ffentlichen neue und archivierte Journal-Volumina und bereits ver\u00f6ffentlichte B\u00fccher. Die Leser finden die Inhalte direkt durch die Browser-Suche sowie durch globale Distributionskan\u00e4le, inkl. der Bibliotheken, der Abstracting-, Datenbank- und Suchdienste weltweit. <\/p>\n\n\n\n<p>Unsere Ver\u00f6ffentlichungsplattform bekommt j\u00e4hrlich mehr als 9 Millionen Besuche und ist eine der meist fortgeschrittenen auf dem Markt \u2013 verf\u00fcgbar in einigen Sprachversionen.<\/p>\n","protected":false},"excerpt":{"rendered":"<p>Sciendo ist ein Teil der De Gruyter Brill Group, eines Unternehmens mit \u00fcber 270 Jahren Erfahrung in der Ver\u00f6ffentlichung. Wir ver\u00f6ffentlichen neue und archivierte Journal-Volumina und bereits ver\u00f6ffentlichte B\u00fccher. Die Leser finden die Inhalte direkt durch die Browser-Suche sowie durch globale Distributionskan\u00e4le, inkl. der Bibliotheken, der Abstracting-, Datenbank- und Suchdienste weltweit. Unsere Ver\u00f6ffentlichungsplattform bekommt j\u00e4hrlich [&hellip;]<\/p>\n","protected":false},"author":6,"featured_media":0,"parent":0,"menu_order":0,"comment_status":"closed","ping_status":"closed","template":"","meta":{"_acf_changed":false,"footnotes":""},"class_list":["post-3597","page","type-page","status-publish","hentry"],"acf":[],"_links":{"self":[{"href":"https:\/\/reference-global.com\/cms\/wp-json\/wp\/v2\/pages\/3597","targetHints":{"allow":["GET"]}}],"collection":[{"href":"https:\/\/reference-global.com\/cms\/wp-json\/wp\/v2\/pages"}],"about":[{"href":"https:\/\/reference-global.com\/cms\/wp-json\/wp\/v2\/types\/page"}],"author":[{"embeddable":true,"href":"https:\/\/reference-global.com\/cms\/wp-json\/wp\/v2\/users\/6"}],"replies":[{"embeddable":true,"href":"https:\/\/reference-global.com\/cms\/wp-json\/wp\/v2\/comments?post=3597"}],"version-history":[{"count":5,"href":"https:\/\/reference-global.com\/cms\/wp-json\/wp\/v2\/pages\/3597\/revisions"}],"predecessor-version":[{"id":10785,"href":"https:\/\/reference-global.com\/cms\/wp-json\/wp\/v2\/pages\/3597\/revisions\/10785"}],"wp:attachment":[{"href":"https:\/\/reference-global.com\/cms\/wp-json\/wp\/v2\/media?parent=3597"}],"curies":[{"name":"wp","href":"https:\/\/api.w.org\/{rel}","templated":true}]}}