
{"id":2886,"date":"2022-07-13T11:46:30","date_gmt":"2022-07-13T11:46:30","guid":{"rendered":"http:\/\/3.66.255.121\/publish\/full-publishing-services\/"},"modified":"2022-07-13T12:15:05","modified_gmt":"2022-07-13T12:15:05","slug":"full-publishing-services","status":"publish","type":"page","link":"https:\/\/reference-global.com\/cms\/publish\/full-publishing-services\/?lang=fr","title":{"rendered":"PUBLICATION COMPL\u00c8TE"},"content":{"rendered":"\n<p>Sciendo publie des livres \u00e9manant d\u2019universit\u00e9s, d\u2019instituts de recherche, d\u2019acad\u00e9mies des sciences, de soci\u00e9t\u00e9s savantes et d\u2019autres organisations. Nous proposons \u00e0 la fois le mod\u00e8le Open Access et le mod\u00e8le traditionnel (acc\u00e8s payant). Les r\u00e8gles \u00e9nonc\u00e9es ci-apr\u00e8s s\u2019appliquent \u00e9galement aux auteurs individuels dont les \u00e9tablissements sont dispos\u00e9s \u00e0 payer les droits d\u2019\u00e9dition pour la publication de leurs livres.<\/p>\n\n\n\n<p><strong>Nous avons une offre sp\u00e9ciale pour les universit\u00e9s et autres organisations de publier tout ou partie de leurs revues, livres et autres publications en anglais.<\/strong><\/p>\n\n\n\n<p>Plus d\u2019informations sur <a href=\"https:\/\/sciendo.com\/fr\/publish\/whitelabel\">White Label Publishing House<\/a>. <\/p>\n\n\n\n<p>Les services et solutions que nous proposons sont regroup\u00e9s en trois forfaits: <strong>Standard, Classic et Premier<\/strong>. Ces forfaits vont des composants standard requis pour la publication \u00e0 un forfait de service complet, en passant par un hybride entre \u00abbasic\u00bb et \u00abfull-service\u00bb. Nous facturons chaque livre publi\u00e9, le tarif d\u00e9pend du forfait et de tous les services et solutions suppl\u00e9mentaires choisis.<\/p>\n\n\n\n<p>Le tableau pr\u00e9sente les principaux \u00e9l\u00e9ments de chaque forfait. Sciendo serait ravi d\u2019offrir les services indiqu\u00e9s dans le tableau ci-dessous aux livres dont la publication est financ\u00e9e par des institutions.<\/p>\n\n\n\n<figure class=\"wp-block-table aligncenter is-style-stripes\" style=\"font-size:19px\"><table class=\"has-tertiary-background-color has-background\"><thead><tr><th><\/th><th>Standard<\/th><th>Classic<\/th><th>Premier<\/th><\/tr><\/thead><tbody><tr><td>Plate-forme d\u2019h\u00e9bergement<\/td><td><h2><span style=\"color: #0094ca;\"><strong>\u2022<\/strong><\/span><\/h2>\n<\/td><td>\n<h2><span style=\"color: #0094ca;\"><strong>\u2022<\/strong><\/span><\/h2>\n<\/td><td>\n<h2><span style=\"color: #0094ca;\"><strong>\u2022<\/strong><\/span><\/h2>\n<\/td><\/tr><tr><td>ISBN registration<\/td><td><h2><span style=\"color: #0094ca;\"><strong>\u2022<\/strong><\/span><\/h2><\/td><td>\n<h2><span style=\"color: #0094ca;\"><strong>\u2022<\/strong><\/span><\/h2>\n<\/td><td>\n<h2><span style=\"color: #0094ca;\"><strong>\u2022<\/strong><\/span><\/h2>\n<\/td><\/tr><tr><td>Composition<\/td><td><\/td><td>\n<h2><span style=\"color: #0094ca;\"><strong>\u2022<\/strong><\/span><\/h2>\n<\/td><td>\n<h2><span style=\"color: #0094ca;\"><strong>\u2022<\/strong><\/span><\/h2>\n<\/td><\/tr><tr><td>Version \u00e9lectronique ePub<\/td><td><\/td><td><\/td><td>\n<h2><span style=\"color: #0094ca;\"><strong>\u2022<\/strong><\/span><\/h2>\n<\/td><\/tr><tr><td>Impression \u00e0 la demande et livraison<\/td><td>\n<h2><span style=\"color: #0094ca;\"><strong>\u2022<\/strong><\/span><\/h2>\n<\/td><td>\n<h2><span style=\"color: #0094ca;\"><strong>\u2022<\/strong><\/span><\/h2>\n<\/td><td>\n<h2><span style=\"color: #0094ca;\"><strong>\u2022<\/strong><\/span><\/h2>\n<\/td><\/tr><tr><td>R\u00e9daction<\/td><td><\/td><td><\/td><td>\n<h2><span style=\"color: #0094ca;\"><strong>\u2022<\/strong><\/span><\/h2>\n<\/td><\/tr><tr><td>R\u00e9f\u00e9rencement du contenu et des revues<\/td><td>\n<h2><span style=\"color: #0094ca;\"><strong>\u2022<\/strong><\/span><\/h2>\n<\/td><td>\n<h2><span style=\"color: #0094ca;\"><strong>\u2022<\/strong><\/span><\/h2>\n<\/td><td>\n<h2><span style=\"color: #0094ca;\"><strong>\u2022<\/strong><\/span><\/h2>\n<\/td><\/tr><tr><td>R\u00e9f\u00e9rencement du contenu et des livres<\/td><td>\n<h2><span style=\"color: #0094ca;\"><strong>\u2022<\/strong><\/span><\/h2>\n<\/td><td>\n<h2><span style=\"color: #0094ca;\"><strong>\u2022<\/strong><\/span><\/h2>\n<\/td><td>\n<h2><span style=\"color: #0094ca;\"><strong>\u2022<\/strong><\/span><\/h2>\n<\/td><\/tr><tr><td>Marketing Extra Package<\/td><td><\/td><td><\/td><td>\n<h2><span style=\"color: #0094ca;\"><strong>\u2022<\/strong><\/span><\/h2>\n<\/td><\/tr><\/tbody><tfoot><tr><td><\/td><td><\/td><td><\/td><td><\/td><\/tr><\/tfoot><\/table><\/figure>\n\n\n\n<p><strong>Veuillez t\u00e9l\u00e9charger la <a href=\"http:\/\/3.66.255.121\/wp-content\/uploads\/2021\/03\/Full-publishing_WEB_brochure_21_01_2021.pdf\">brochure<\/a> pour plus d&#8217;informations. Les institutions et les auteurs souhaitant en savoir plus sur les services et les frais applicables doivent contacter notre <a href=\"https:\/\/sciendo.com\/fr\/contact\">repr\u00e9sentant pour leur territoire<\/a>, pour se rencontrer et discuter des conditions.<\/strong><\/p>\n","protected":false},"excerpt":{"rendered":"<p>Sciendo publie des livres \u00e9manant d\u2019universit\u00e9s, d\u2019instituts de recherche, d\u2019acad\u00e9mies des sciences, de soci\u00e9t\u00e9s savantes et d\u2019autres organisations. Nous proposons \u00e0 la fois le mod\u00e8le Open Access et le mod\u00e8le traditionnel (acc\u00e8s payant). Les r\u00e8gles \u00e9nonc\u00e9es ci-apr\u00e8s s\u2019appliquent \u00e9galement aux auteurs individuels dont les \u00e9tablissements sont dispos\u00e9s \u00e0 payer les droits d\u2019\u00e9dition pour la publication [&hellip;]<\/p>\n","protected":false},"author":2,"featured_media":0,"parent":1662,"menu_order":0,"comment_status":"closed","ping_status":"closed","template":"","meta":{"_acf_changed":false,"footnotes":""},"class_list":["post-2886","page","type-page","status-publish","hentry"],"acf":{"publish_image":"https:\/\/reference-global.com\/cms\/wp-content\/uploads\/2021\/03\/Full-publishing-VIZ.jpg"},"_links":{"self":[{"href":"https:\/\/reference-global.com\/cms\/wp-json\/wp\/v2\/pages\/2886","targetHints":{"allow":["GET"]}}],"collection":[{"href":"https:\/\/reference-global.com\/cms\/wp-json\/wp\/v2\/pages"}],"about":[{"href":"https:\/\/reference-global.com\/cms\/wp-json\/wp\/v2\/types\/page"}],"author":[{"embeddable":true,"href":"https:\/\/reference-global.com\/cms\/wp-json\/wp\/v2\/users\/2"}],"replies":[{"embeddable":true,"href":"https:\/\/reference-global.com\/cms\/wp-json\/wp\/v2\/comments?post=2886"}],"version-history":[{"count":4,"href":"https:\/\/reference-global.com\/cms\/wp-json\/wp\/v2\/pages\/2886\/revisions"}],"predecessor-version":[{"id":2921,"href":"https:\/\/reference-global.com\/cms\/wp-json\/wp\/v2\/pages\/2886\/revisions\/2921"}],"up":[{"embeddable":true,"href":"https:\/\/reference-global.com\/cms\/wp-json\/wp\/v2\/pages\/1662"}],"wp:attachment":[{"href":"https:\/\/reference-global.com\/cms\/wp-json\/wp\/v2\/media?parent=2886"}],"curies":[{"name":"wp","href":"https:\/\/api.w.org\/{rel}","templated":true}]}}