
{"id":2847,"date":"2022-07-06T11:06:23","date_gmt":"2022-07-06T11:06:23","guid":{"rendered":"http:\/\/3.66.255.121\/publish\/full-publishing-services\/"},"modified":"2022-08-18T13:36:50","modified_gmt":"2022-08-18T13:36:50","slug":"full-publishing-services","status":"publish","type":"page","link":"https:\/\/reference-global.com\/cms\/publish\/full-publishing-services\/?lang=pl","title":{"rendered":"PE\u0141NA OBS\u0141UGA WYDAWNICZA"},"content":{"rendered":"\n<p>Sciendo publikuje ksi\u0105\u017cki przygotowane przez uniwersytety, instytuty badawcze, akademie nauk, towarzystwa naukowe i inne organizacje. Udost\u0119pniamy je zar\u00f3wno w modelu Open Access, jak i w modelu tradycyjnym (p\u0142atnego dost\u0119pu). Zasady te dotycz\u0105 r\u00f3wnie\u017c autor\u00f3w indywidualnych, kt\u00f3rych instytucje gotowe s\u0105 pokry\u0107 koszty wydawnicze zwi\u0105zane z publikacj\u0105 ich ksi\u0105\u017cek.<\/p>\n\n\n\n<p><strong>Dla uniwersytet\u00f3w oraz innych organizacji przygotowali\u015bmy specjaln\u0105 propozycj\u0119 dotycz\u0105c\u0105 publikacji wszystkich lub wybranych czasopism, ksi\u0105\u017cek i innych materia\u0142\u00f3w.<\/strong><\/p>\n\n\n\n<p><a href=\"https:\/\/sciendo.com\/pl\/publish\/whitelabel\">Wi\u0119cej informacji o ofercie White Label Publishing House<\/a>. <\/p>\n\n\n\n<p>Oferowane przez nas us\u0142ugi i rozwi\u0105zania wydawnicze dost\u0119pne s\u0105 w trzech r\u00f3\u017cnych pakietach: <strong>Standard, Classic oraz Premier<\/strong>. Pakiety te obejmuj\u0105 zar\u00f3wno podstawowe us\u0142ugi wydawnicze, jak i us\u0142ugi dodatkowe. Op\u0142at\u0119 pobieramy za ka\u017cd\u0105 opublikowan\u0105 ksi\u0105\u017ck\u0119, uzale\u017cniona jest ona od wybranego pakietu oraz us\u0142ug.<\/p>\n\n\n\n<p>Tabela przedstawia najwa\u017cniejsze elementy ka\u017cdego pakietu. Sciendo zapewni realizacj\u0119 us\u0142ug przedstawionych w poni\u017cszej tabeli w przypadku ksi\u0105\u017cek, kt\u00f3rych publikacja jest finansowana przez instytucje.<\/p>\n\n\n\n<figure class=\"wp-block-table aligncenter is-style-stripes\" style=\"font-size:19px\"><table class=\"has-tertiary-background-color has-background\"><thead><tr><th><\/th><th>Standard<\/th><th>Classic<\/th><th>Premier<\/th><\/tr><\/thead><tbody><tr><td>Platforma wydawnicza<\/td><td><h2><span style=\"color: #0094ca;\"><strong>\u2022<\/strong><\/span><\/h2>\n<\/td><td>\n<h2><span style=\"color: #0094ca;\"><strong>\u2022<\/strong><\/span><\/h2>\n<\/td><td>\n<h2><span style=\"color: #0094ca;\"><strong>\u2022<\/strong><\/span><\/h2>\n<\/td><\/tr><tr><td>ISBN registration<\/td><td><h2><span style=\"color: #0094ca;\"><strong>\u2022<\/strong><\/span><\/h2><\/td><td>\n<h2><span style=\"color: #0094ca;\"><strong>\u2022<\/strong><\/span><\/h2>\n<\/td><td>\n<h2><span style=\"color: #0094ca;\"><strong>\u2022<\/strong><\/span><\/h2>\n<\/td><\/tr><tr><td>Sk\u0142ad i korekta tekst\u00f3w<\/td><td><\/td><td>\n<h2><span style=\"color: #0094ca;\"><strong>\u2022<\/strong><\/span><\/h2>\n<\/td><td>\n<h2><span style=\"color: #0094ca;\"><strong>\u2022<\/strong><\/span><\/h2>\n<\/td><\/tr><tr><td>Wersja ePub<\/td><td><\/td><td><\/td><td>\n<h2><span style=\"color: #0094ca;\"><strong>\u2022<\/strong><\/span><\/h2>\n<\/td><\/tr><tr><td>Wydruk na \u017c\u0105danie<\/td><td>\n<h2><span style=\"color: #0094ca;\"><strong>\u2022<\/strong><\/span><\/h2>\n<\/td><td>\n<h2><span style=\"color: #0094ca;\"><strong>\u2022<\/strong><\/span><\/h2>\n<\/td><td>\n<h2><span style=\"color: #0094ca;\"><strong>\u2022<\/strong><\/span><\/h2>\n<\/td><\/tr><tr><td>Adjustacja oraz korekta j\u0119zykowa<\/td><td><\/td><td><\/td><td>\n<h2><span style=\"color: #0094ca;\"><strong>\u2022<\/strong><\/span><\/h2>\n<\/td><\/tr><tr><td>Dystrybucja elektroniczna<\/td><td>\n<h2><span style=\"color: #0094ca;\"><strong>\u2022<\/strong><\/span><\/h2>\n<\/td><td>\n<h2><span style=\"color: #0094ca;\"><strong>\u2022<\/strong><\/span><\/h2>\n<\/td><td>\n<h2><span style=\"color: #0094ca;\"><strong>\u2022<\/strong><\/span><\/h2>\n<\/td><\/tr><tr><td>Indeksowanie ksi\u0105\u017cek<\/td><td>\n<h2><span style=\"color: #0094ca;\"><strong>\u2022<\/strong><\/span><\/h2>\n<\/td><td>\n<h2><span style=\"color: #0094ca;\"><strong>\u2022<\/strong><\/span><\/h2>\n<\/td><td>\n<h2><span style=\"color: #0094ca;\"><strong>\u2022<\/strong><\/span><\/h2>\n<\/td><\/tr><tr><td>Marketing Extra Package<\/td><td><\/td><td><\/td><td>\n<h2><span style=\"color: #0094ca;\"><strong>\u2022<\/strong><\/span><\/h2>\n<\/td><\/tr><\/tbody><tfoot><tr><td><\/td><td><\/td><td><\/td><td><\/td><\/tr><\/tfoot><\/table><\/figure>\n\n\n\n<p><strong>W celu uzyskania dodatkowych informacji, prosimy o pobranie <a href=\"http:\/\/3.66.255.121\/wp-content\/uploads\/2021\/03\/Full-publishing_WEB_brochure_21_01_2021.pdf\">broszury<\/a>. Instytucje i autorzy zainteresowani uzyskaniem dalszych informacji na temat us\u0142ug oraz zwi\u0105zanych z nimi op\u0142at proszeni s\u0105 o kontakt si\u0119 z naszym <a href=\"https:\/\/sciendo.com\/pl\/contact\">przedstawicielem regionalnym<\/a>, w celu om\u00f3wienia warunk\u00f3w wsp\u00f3\u0142pracy.<\/strong><\/p>\n","protected":false},"excerpt":{"rendered":"<p>Sciendo publikuje ksi\u0105\u017cki przygotowane przez uniwersytety, instytuty badawcze, akademie nauk, towarzystwa naukowe i inne organizacje. Udost\u0119pniamy je zar\u00f3wno w modelu Open Access, jak i w modelu tradycyjnym (p\u0142atnego dost\u0119pu). Zasady te dotycz\u0105 r\u00f3wnie\u017c autor\u00f3w indywidualnych, kt\u00f3rych instytucje gotowe s\u0105 pokry\u0107 koszty wydawnicze zwi\u0105zane z publikacj\u0105 ich ksi\u0105\u017cek. Dla uniwersytet\u00f3w oraz innych organizacji przygotowali\u015bmy specjaln\u0105 propozycj\u0119 [&hellip;]<\/p>\n","protected":false},"author":2,"featured_media":0,"parent":1666,"menu_order":0,"comment_status":"closed","ping_status":"closed","template":"","meta":{"_acf_changed":false,"footnotes":""},"class_list":["post-2847","page","type-page","status-publish","hentry"],"acf":{"publish_image":"https:\/\/reference-global.com\/cms\/wp-content\/uploads\/2021\/03\/Full-publishing-VIZ.jpg"},"_links":{"self":[{"href":"https:\/\/reference-global.com\/cms\/wp-json\/wp\/v2\/pages\/2847","targetHints":{"allow":["GET"]}}],"collection":[{"href":"https:\/\/reference-global.com\/cms\/wp-json\/wp\/v2\/pages"}],"about":[{"href":"https:\/\/reference-global.com\/cms\/wp-json\/wp\/v2\/types\/page"}],"author":[{"embeddable":true,"href":"https:\/\/reference-global.com\/cms\/wp-json\/wp\/v2\/users\/2"}],"replies":[{"embeddable":true,"href":"https:\/\/reference-global.com\/cms\/wp-json\/wp\/v2\/comments?post=2847"}],"version-history":[{"count":4,"href":"https:\/\/reference-global.com\/cms\/wp-json\/wp\/v2\/pages\/2847\/revisions"}],"predecessor-version":[{"id":3032,"href":"https:\/\/reference-global.com\/cms\/wp-json\/wp\/v2\/pages\/2847\/revisions\/3032"}],"up":[{"embeddable":true,"href":"https:\/\/reference-global.com\/cms\/wp-json\/wp\/v2\/pages\/1666"}],"wp:attachment":[{"href":"https:\/\/reference-global.com\/cms\/wp-json\/wp\/v2\/media?parent=2847"}],"curies":[{"name":"wp","href":"https:\/\/api.w.org\/{rel}","templated":true}]}}