
{"id":2805,"date":"2022-06-30T11:08:55","date_gmt":"2022-06-30T11:08:55","guid":{"rendered":"http:\/\/3.66.255.121\/publish\/full-publishing-services\/"},"modified":"2022-06-30T11:44:33","modified_gmt":"2022-06-30T11:44:33","slug":"full-publishing-services","status":"publish","type":"page","link":"https:\/\/reference-global.com\/cms\/publish\/full-publishing-services\/?lang=de","title":{"rendered":"KOMPLETTE PUBLIKATIONSDIENSTE"},"content":{"rendered":"\n<p>Sciendo ver\u00f6ffentlicht B\u00fccher von Universit\u00e4ten, Forschungsinstituten, Akademien der Wissenschaften, gelehrten Gesellschaften und anderen Organisationen. Wir bieten sowohl das Open-Access-Modell als auch das traditionelle Modell (Paid Access) an. Die folgenden Regeln gelten auch f\u00fcr einzelne Autorinnen und Autoren, deren Institutionen bereit sind, die Verlagsgeb\u00fchren f\u00fcr die Ver\u00f6ffentlichung ihrer B\u00fccher zu zahlen.<\/p>\n\n\n\n<p>Wir haben ein Spezialangebot f\u00fcr Universit\u00e4ten und andere Organisationen, die alle oder einen Teil ihrer englischsprachigen <a href=\"https:\/\/www.sciendo.com\/de\/publish\/journals\">Zeitschriften<\/a>, <a href=\"https:\/\/www.sciendo.com\/de\/publish\/journals\">B\u00fccher<\/a> und <a href=\"https:\/\/www.sciendo.com\/de\/publish\/conferences\">anderen Publikationen<\/a> ver\u00f6ffentlichen m\u00f6chten. Siehe mehr White Label Publishing Angebot.<\/p>\n\n\n\n<p>Unsere Dienstleistungen und L\u00f6sungen sind drei Paketen erh\u00e4ltlich: Standard, Classic und Premier. Diese Pakete reichen von Standardkomponenten, die f\u00fcr die Ver\u00f6ffentlichung erforderlich sind, \u00fcber ein Full-Service-Paket bis hin zu einer Mischung aus \u201eBasic\u201c und \u201eFull-Service\u201c. Wir berechnen f\u00fcr jedes ver\u00f6ffentlichte Buch eine Geb\u00fchr, die sich nach dem gew\u00e4hlten Paket sowie den zus\u00e4tzlichen Dienstleistungen und L\u00f6sungen richtet.<\/p>\n\n\n\n<p>Die Tabelle zeigt die Hauptkomponenten der einzelnen Pakete. Gerne bietet Sciendo die in der untenstehenden Tabelle aufgef\u00fchrten Dienstleistungen auch f\u00fcr B\u00fccher an, deren Publikation von Institutionen finanziert wird.<\/p>\n\n\n\n<figure class=\"wp-block-table aligncenter is-style-stripes\" style=\"font-size:19px\"><table class=\"has-tertiary-background-color has-background\"><thead><tr><th><\/th><th>Standard<\/th><th>Classic<\/th><th>Premier<\/th><\/tr><\/thead><tbody><tr><td>Hosting-Platform<\/td><td><h2><span style=\"color: #0094ca;\"><strong>\u2022<\/strong><\/span><\/h2>\n<\/td><td>\n<h2><span style=\"color: #0094ca;\"><strong>\u2022<\/strong><\/span><\/h2>\n<\/td><td>\n<h2><span style=\"color: #0094ca;\"><strong>\u2022<\/strong><\/span><\/h2>\n<\/td><\/tr><tr><td>ISBN-Registrierung<\/td><td><h2><span style=\"color: #0094ca;\"><strong>\u2022<\/strong><\/span><\/h2><\/td><td>\n<h2><span style=\"color: #0094ca;\"><strong>\u2022<\/strong><\/span><\/h2>\n<\/td><td>\n<h2><span style=\"color: #0094ca;\"><strong>\u2022<\/strong><\/span><\/h2>\n<\/td><\/tr><tr><td>Schriftsatz und Korrekturfahnen<\/td><td><\/td><td>\n<h2><span style=\"color: #0094ca;\"><strong>\u2022<\/strong><\/span><\/h2>\n<\/td><td>\n<h2><span style=\"color: #0094ca;\"><strong>\u2022<\/strong><\/span><\/h2>\n<\/td><\/tr><tr><td>ePub-Version<\/td><td><\/td><td><\/td><td>\n<h2><span style=\"color: #0094ca;\"><strong>\u2022<\/strong><\/span><\/h2>\n<\/td><\/tr><tr><td>Druck auf Anfrage und Lieferung<\/td><td>\n<h2><span style=\"color: #0094ca;\"><strong>\u2022<\/strong><\/span><\/h2>\n<\/td><td>\n<h2><span style=\"color: #0094ca;\"><strong>\u2022<\/strong><\/span><\/h2>\n<\/td><td>\n<h2><span style=\"color: #0094ca;\"><strong>\u2022<\/strong><\/span><\/h2>\n<\/td><\/tr><tr><td>Redaktionelle Bearbeitung<\/td><td><\/td><td><\/td><td>\n<h2><span style=\"color: #0094ca;\"><strong>\u2022<\/strong><\/span><\/h2>\n<\/td><\/tr><tr><td>Breite elektronische Verbreitung<\/td><td>\n<h2><span style=\"color: #0094ca;\"><strong>\u2022<\/strong><\/span><\/h2>\n<\/td><td>\n<h2><span style=\"color: #0094ca;\"><strong>\u2022<\/strong><\/span><\/h2>\n<\/td><td>\n<h2><span style=\"color: #0094ca;\"><strong>\u2022<\/strong><\/span><\/h2>\n<\/td><\/tr><tr><td>Inhalts- und Buchindizierung<\/td><td>\n<h2><span style=\"color: #0094ca;\"><strong>\u2022<\/strong><\/span><\/h2>\n<\/td><td>\n<h2><span style=\"color: #0094ca;\"><strong>\u2022<\/strong><\/span><\/h2>\n<\/td><td>\n<h2><span style=\"color: #0094ca;\"><strong>\u2022<\/strong><\/span><\/h2>\n<\/td><\/tr><tr><td>Marketing Extra Package<\/td><td><\/td><td><\/td><td>\n<h2><span style=\"color: #0094ca;\"><strong>\u2022<\/strong><\/span><\/h2>\n<\/td><\/tr><\/tbody><tfoot><tr><td><\/td><td><\/td><td><\/td><td><\/td><\/tr><\/tfoot><\/table><\/figure>\n\n\n\n<p>F\u00fcr weitere Informationen laden Sie bitte die <a href=\"http:\/\/3.66.255.121\/wp-content\/uploads\/2021\/03\/Full-publishing_WEB_brochure_21_01_2021.pdf\">Brosch\u00fcre<\/a> herunter. Institutionen und Autoren, die mehr \u00fcber unsere Publikationsdienstleistungen und die entsprechenden Geb\u00fchren erfahren m\u00f6chten, sollten sich mit unserem <a href=\"https:\/\/www.sciendo.com\/de\/contact#sales\">Vertreter f\u00fcr ihr Gebiet in Verbindung setzen<\/a>, um ein Treffen zu vereinbaren und die Bedingungen zu besprechen<\/p>\n","protected":false},"excerpt":{"rendered":"<p>Sciendo ver\u00f6ffentlicht B\u00fccher von Universit\u00e4ten, Forschungsinstituten, Akademien der Wissenschaften, gelehrten Gesellschaften und anderen Organisationen. Wir bieten sowohl das Open-Access-Modell als auch das traditionelle Modell (Paid Access) an. Die folgenden Regeln gelten auch f\u00fcr einzelne Autorinnen und Autoren, deren Institutionen bereit sind, die Verlagsgeb\u00fchren f\u00fcr die Ver\u00f6ffentlichung ihrer B\u00fccher zu zahlen. Wir haben ein Spezialangebot f\u00fcr [&hellip;]<\/p>\n","protected":false},"author":2,"featured_media":0,"parent":1644,"menu_order":0,"comment_status":"closed","ping_status":"closed","template":"","meta":{"_acf_changed":false,"footnotes":""},"class_list":["post-2805","page","type-page","status-publish","hentry"],"acf":{"publish_image":"https:\/\/reference-global.com\/cms\/wp-content\/uploads\/2021\/03\/Full-publishing-VIZ.jpg"},"_links":{"self":[{"href":"https:\/\/reference-global.com\/cms\/wp-json\/wp\/v2\/pages\/2805","targetHints":{"allow":["GET"]}}],"collection":[{"href":"https:\/\/reference-global.com\/cms\/wp-json\/wp\/v2\/pages"}],"about":[{"href":"https:\/\/reference-global.com\/cms\/wp-json\/wp\/v2\/types\/page"}],"author":[{"embeddable":true,"href":"https:\/\/reference-global.com\/cms\/wp-json\/wp\/v2\/users\/2"}],"replies":[{"embeddable":true,"href":"https:\/\/reference-global.com\/cms\/wp-json\/wp\/v2\/comments?post=2805"}],"version-history":[{"count":4,"href":"https:\/\/reference-global.com\/cms\/wp-json\/wp\/v2\/pages\/2805\/revisions"}],"predecessor-version":[{"id":2823,"href":"https:\/\/reference-global.com\/cms\/wp-json\/wp\/v2\/pages\/2805\/revisions\/2823"}],"up":[{"embeddable":true,"href":"https:\/\/reference-global.com\/cms\/wp-json\/wp\/v2\/pages\/1644"}],"wp:attachment":[{"href":"https:\/\/reference-global.com\/cms\/wp-json\/wp\/v2\/media?parent=2805"}],"curies":[{"name":"wp","href":"https:\/\/api.w.org\/{rel}","templated":true}]}}