
{"id":2763,"date":"2022-06-29T11:49:15","date_gmt":"2022-06-29T11:49:15","guid":{"rendered":"http:\/\/3.66.255.121\/publish\/full-publishing-services\/"},"modified":"2022-06-30T08:16:49","modified_gmt":"2022-06-30T08:16:49","slug":"full-publishing-services","status":"publish","type":"page","link":"https:\/\/reference-global.com\/cms\/publish\/full-publishing-services\/?lang=es","title":{"rendered":"SERVICIOS DE FULL PUBLISHING"},"content":{"rendered":"\n<p> Sciendo publica libros de universidades, centros de investigaci\u00f3n, academias de ciencias, sociedades cient\u00edficas y otras organizaciones. Podemos ofrecerles tanto la modalidad Open Access, como la tradicional (acceso de pago). Las condiciones que se indican a continuaci\u00f3n son aplicables tambi\u00e9n a autores individuales cuyas instituciones pueden cubrir las tasas de edici\u00f3n de los libros de sus empleados.<\/p>\n\n\n\n<div style=\"height:15px\" aria-hidden=\"true\" class=\"wp-block-spacer\"><\/div>\n\n\n\n<p style=\"font-size:22px\"><strong>SERVICIOS DE FULL PUBLISHING<\/strong><\/p>\n\n\n\n<div style=\"height:15px\" aria-hidden=\"true\" class=\"wp-block-spacer\"><\/div>\n\n\n\n<p>Sciendo publica libros de universidades, centros de investigaci\u00f3n, academias de ciencias, sociedades cient\u00edficas y otras organizaciones. Podemos ofrecerles tanto la modalidad Open Access, como la tradicional (acceso de pago). Las condiciones que se indican a continuaci\u00f3n son aplicables tambi\u00e9n a autores individuales cuyas instituciones pueden cubrir las tasas de edici\u00f3n de los libros de sus empleados.<\/p>\n\n\n\n<p><strong>Tenemos una oferta especial para universidades y otras entidades para la publicaci\u00f3n de todos o parte de sus publicaciones, libros y revistas.<\/strong> <a href=\"https:\/\/www.sciendo.com\/es\/publish\/whitelabel\">Ver m\u00e1s sobre White Label Publishing House<\/a>.<\/p>\n\n\n\n<p>Los servicios y las soluciones que ofrecemos se dividen en tres paquetes: <strong>Standard, Classic y Premier<\/strong>. Los paquetes incluyen diferentes servicios, desde los componentes est\u00e1ndar requeridos para realizar una publicaci\u00f3n, hasta el servicio m\u00e1s exhaustivo y tambi\u00e9n una oferta que se sit\u00faa entre el paquete \u00abb\u00e1sico\u00bb y el \u00abcompleto\u00bb. Cobramos una tasa por cada libro publicado. La tasa depende del paquete y los servicios adicionales o soluciones elegidas.<\/p>\n\n\n\n<p>En la tabla se presentan los componentes clave de cada paquete. En Sciendo, estamos encantados de poder ofrecerle los servicios presentados a continuaci\u00f3n en lo relativo a los libros financiados por instituciones.<\/p>\n\n\n\n<figure class=\"wp-block-table aligncenter is-style-stripes\" style=\"font-size:19px\"><table class=\"has-tertiary-background-color has-background\"><thead><tr><th><\/th><th>Standard<\/th><th>Classic<\/th><th>Premier<\/th><\/tr><\/thead><tbody><tr><td>Plataforma de alojamiento<\/td><td><h2><span style=\"color: #0094ca;\"><strong>\u2022<\/strong><\/span><\/h2>\n<\/td><td>\n<h2><span style=\"color: #0094ca;\"><strong>\u2022<\/strong><\/span><\/h2>\n<\/td><td>\n<h2><span style=\"color: #0094ca;\"><strong>\u2022<\/strong><\/span><\/h2>\n<\/td><\/tr><tr><td>ISBN registration<\/td><td><h2><span style=\"color: #0094ca;\"><strong>\u2022<\/strong><\/span><\/h2><\/td><td>\n<h2><span style=\"color: #0094ca;\"><strong>\u2022<\/strong><\/span><\/h2>\n<\/td><td>\n<h2><span style=\"color: #0094ca;\"><strong>\u2022<\/strong><\/span><\/h2>\n<\/td><\/tr><tr><td>Composici\u00f3n tipogr\u00e1fica y correcci\u00f3n<\/td><td><\/td><td>\n<h2><span style=\"color: #0094ca;\"><strong>\u2022<\/strong><\/span><\/h2>\n<\/td><td>\n<h2><span style=\"color: #0094ca;\"><strong>\u2022<\/strong><\/span><\/h2>\n<\/td><\/tr><tr><td>Versi\u00f3n ePub<\/td><td><\/td><td><\/td><td>\n<h2><span style=\"color: #0094ca;\"><strong>\u2022<\/strong><\/span><\/h2>\n<\/td><\/tr><tr><td>Impresi\u00f3n y entrega por encargo<\/td><td>\n<h2><span style=\"color: #0094ca;\"><strong>\u2022<\/strong><\/span><\/h2>\n<\/td><td>\n<h2><span style=\"color: #0094ca;\"><strong>\u2022<\/strong><\/span><\/h2>\n<\/td><td>\n<h2><span style=\"color: #0094ca;\"><strong>\u2022<\/strong><\/span><\/h2>\n<\/td><\/tr><tr><td>Correcci\u00f3n de textos<\/td><td><\/td><td><\/td><td>\n<h2><span style=\"color: #0094ca;\"><strong>\u2022<\/strong><\/span><\/h2>\n<\/td><\/tr><tr><td>Amplia distribuci\u00f3n electr\u00f3nica<\/td><td>\n<h2><span style=\"color: #0094ca;\"><strong>\u2022<\/strong><\/span><\/h2>\n<\/td><td>\n<h2><span style=\"color: #0094ca;\"><strong>\u2022<\/strong><\/span><\/h2>\n<\/td><td>\n<h2><span style=\"color: #0094ca;\"><strong>\u2022<\/strong><\/span><\/h2>\n<\/td><\/tr><tr><td>Indexaci\u00f3n del contenido y del libro<\/td><td>\n<h2><span style=\"color: #0094ca;\"><strong>\u2022<\/strong><\/span><\/h2>\n<\/td><td>\n<h2><span style=\"color: #0094ca;\"><strong>\u2022<\/strong><\/span><\/h2>\n<\/td><td>\n<h2><span style=\"color: #0094ca;\"><strong>\u2022<\/strong><\/span><\/h2>\n<\/td><\/tr><tr><td>Marketing Extra Package<\/td><td><\/td><td><\/td><td>\n<h2><span style=\"color: #0094ca;\"><strong>\u2022<\/strong><\/span><\/h2>\n<\/td><\/tr><\/tbody><tfoot><tr><td><\/td><td><\/td><td><\/td><td><\/td><\/tr><\/tfoot><\/table><\/figure>\n\n\n\n<p><strong>Para m\u00e1s informaci\u00f3n, descarga el <\/strong><a href=\"http:\/\/3.66.255.121\/wp-content\/uploads\/2021\/03\/Full-publishing_WEB_brochure_21_01_2021.pdf\">folleto<\/a><strong>. Las instituciones y autores interesados en saber m\u00e1s sobre estos servicios, as\u00ed como de sus costes derivados, deben ponerse en contacto con <\/strong><a href=\"https:\/\/www.sciendo.com\/es\/contact#sales\">el representante de su regi\u00f3n<\/a><strong>, para que les informe sobre los t\u00e9rminos y condiciones.<\/strong><\/p>\n\n\n\n<div style=\"height:15px\" aria-hidden=\"true\" class=\"wp-block-spacer\"><\/div>\n","protected":false},"excerpt":{"rendered":"<p>Sciendo publica libros de universidades, centros de investigaci\u00f3n, academias de ciencias, sociedades cient\u00edficas y otras organizaciones. Podemos ofrecerles tanto la modalidad Open Access, como la tradicional (acceso de pago). Las condiciones que se indican a continuaci\u00f3n son aplicables tambi\u00e9n a autores individuales cuyas instituciones pueden cubrir las tasas de edici\u00f3n de los libros de sus [&hellip;]<\/p>\n","protected":false},"author":2,"featured_media":0,"parent":1668,"menu_order":0,"comment_status":"closed","ping_status":"closed","template":"","meta":{"_acf_changed":false,"footnotes":""},"class_list":["post-2763","page","type-page","status-publish","hentry"],"acf":{"publish_image":"https:\/\/reference-global.com\/cms\/wp-content\/uploads\/2021\/03\/Full-publishing-VIZ.jpg"},"_links":{"self":[{"href":"https:\/\/reference-global.com\/cms\/wp-json\/wp\/v2\/pages\/2763","targetHints":{"allow":["GET"]}}],"collection":[{"href":"https:\/\/reference-global.com\/cms\/wp-json\/wp\/v2\/pages"}],"about":[{"href":"https:\/\/reference-global.com\/cms\/wp-json\/wp\/v2\/types\/page"}],"author":[{"embeddable":true,"href":"https:\/\/reference-global.com\/cms\/wp-json\/wp\/v2\/users\/2"}],"replies":[{"embeddable":true,"href":"https:\/\/reference-global.com\/cms\/wp-json\/wp\/v2\/comments?post=2763"}],"version-history":[{"count":8,"href":"https:\/\/reference-global.com\/cms\/wp-json\/wp\/v2\/pages\/2763\/revisions"}],"predecessor-version":[{"id":2795,"href":"https:\/\/reference-global.com\/cms\/wp-json\/wp\/v2\/pages\/2763\/revisions\/2795"}],"up":[{"embeddable":true,"href":"https:\/\/reference-global.com\/cms\/wp-json\/wp\/v2\/pages\/1668"}],"wp:attachment":[{"href":"https:\/\/reference-global.com\/cms\/wp-json\/wp\/v2\/media?parent=2763"}],"curies":[{"name":"wp","href":"https:\/\/api.w.org\/{rel}","templated":true}]}}